{"id":36,"date":"2025-11-21T01:10:10","date_gmt":"2025-11-21T07:10:10","guid":{"rendered":"https:\/\/hoteldelcarmen.directorio-comercial.com\/?page_id=36"},"modified":"2025-11-21T18:22:00","modified_gmt":"2025-11-22T00:22:00","slug":"habitaciones","status":"publish","type":"page","link":"https:\/\/hoteldelcarmen.directorio-comercial.com\/?page_id=36","title":{"rendered":"Habitaciones"},"content":{"rendered":"\n<div class=\"wp-block-group alignfull is-layout-constrained wp-block-group-is-layout-constrained\">\n<div class=\"wp-block-group is-vertical is-layout-flex wp-container-core-group-is-layout-4b827052 wp-block-group-is-layout-flex\">\n<div class=\"wp-block-media-text has-background\" style=\"background-color:#5a3e50\"><figure class=\"wp-block-media-text__media\"><img loading=\"lazy\" decoding=\"async\" width=\"1024\" height=\"1024\" src=\"https:\/\/hoteldelcarmen.directorio-comercial.com\/wp-content\/uploads\/2025\/11\/HabitacionSencilla.png\" alt=\"\" class=\"wp-image-38 size-full\" srcset=\"https:\/\/hoteldelcarmen.directorio-comercial.com\/wp-content\/uploads\/2025\/11\/HabitacionSencilla.png 1024w, https:\/\/hoteldelcarmen.directorio-comercial.com\/wp-content\/uploads\/2025\/11\/HabitacionSencilla-300x300.png 300w, https:\/\/hoteldelcarmen.directorio-comercial.com\/wp-content\/uploads\/2025\/11\/HabitacionSencilla-150x150.png 150w, https:\/\/hoteldelcarmen.directorio-comercial.com\/wp-content\/uploads\/2025\/11\/HabitacionSencilla-768x768.png 768w\" sizes=\"auto, (max-width: 1024px) 100vw, 1024px\" \/><\/figure><div class=\"wp-block-media-text__content\">\n<div class=\"wp-block-group is-layout-constrained wp-container-core-group-is-layout-78f27ab7 wp-block-group-is-layout-constrained\" style=\"margin-top:0;margin-bottom:0;padding-right:0;padding-left:0\">\n<h2 class=\"wp-block-heading has-foreground-color has-text-color has-link-color wp-elements-c7fd7bc8e54a481a1e7fa21d9b558536\" style=\"margin-right:0;margin-left:0;font-size:18px\">Habitaci\u00f3n Sencilla<\/h2>\n\n\n\n<p class=\"has-foreground-color has-text-color has-link-color wp-elements-cd6b4608f5ebb8c735f40f50ab4f5146\" style=\"font-size:14px\">El equilibrio ideal entre privacidad y descanso. Una habitaci\u00f3n acogedora con una cama individual, dise\u00f1ada para viajeros que buscan comodidad y tranquilidad.<\/p>\n\n\n\n<div class=\"wp-block-group is-layout-constrained wp-block-group-is-layout-constrained\" style=\"padding-top:var(--wp--preset--spacing--20);padding-bottom:var(--wp--preset--spacing--20)\">\n<div class=\"wp-block-buttons is-layout-flex wp-container-core-buttons-is-layout-45b20515 wp-block-buttons-is-layout-flex\">\n<div class=\"wp-block-button\"><a class=\"wp-block-button__link has-background wp-element-button\" href=\"https:\/\/hoteldelcarmen.directorio-comercial.com\/?page_id=54\" style=\"background-color:#d8c9a8;padding-top:0;padding-right:var(--wp--preset--spacing--30);padding-bottom:0;padding-left:var(--wp--preset--spacing--30)\">Ver habitaci\u00f3n<\/a><\/div>\n<\/div>\n<\/div>\n<\/div>\n<\/div><\/div>\n\n\n\n<div class=\"wp-block-media-text has-media-on-the-right has-background\" style=\"background-color:#c9b7cf\"><div class=\"wp-block-media-text__content\">\n<div class=\"wp-block-group is-layout-constrained wp-container-core-group-is-layout-19e250f3 wp-block-group-is-layout-constrained\">\n<h2 class=\"wp-block-heading\" style=\"font-size:18px\">Habitaci\u00f3n Doble<\/h2>\n\n\n\n<p class=\"has-heading-color has-text-color has-link-color wp-elements-b9a0f0e31239028fc39eb1c8dff39d8c\" style=\"font-size:14px\">Espacio y confort para compartir. Perfecta para familias o amigos, ofrece dos camas c\u00f3modas, excelente iluminaci\u00f3n y todo lo necesario para una estancia relajante.<\/p>\n\n\n\n<div class=\"wp-block-group is-layout-constrained wp-block-group-is-layout-constrained\" style=\"padding-top:var(--wp--preset--spacing--20);padding-bottom:var(--wp--preset--spacing--20)\">\n<div class=\"wp-block-buttons is-layout-flex wp-container-core-buttons-is-layout-45b20515 wp-block-buttons-is-layout-flex\">\n<div class=\"wp-block-button\"><a class=\"wp-block-button__link has-background wp-element-button\" href=\"https:\/\/hoteldelcarmen.directorio-comercial.com\/?page_id=76\" style=\"background-color:#d8c9a8;padding-top:0;padding-right:var(--wp--preset--spacing--30);padding-bottom:0;padding-left:var(--wp--preset--spacing--30)\">Ver habitaci\u00f3n<\/a><\/div>\n<\/div>\n<\/div>\n<\/div>\n<\/div><figure class=\"wp-block-media-text__media\"><img loading=\"lazy\" decoding=\"async\" width=\"1024\" height=\"1024\" src=\"https:\/\/hoteldelcarmen.directorio-comercial.com\/wp-content\/uploads\/2025\/11\/HabitacionDoble.png\" alt=\"\" class=\"wp-image-37 size-full\" srcset=\"https:\/\/hoteldelcarmen.directorio-comercial.com\/wp-content\/uploads\/2025\/11\/HabitacionDoble.png 1024w, https:\/\/hoteldelcarmen.directorio-comercial.com\/wp-content\/uploads\/2025\/11\/HabitacionDoble-300x300.png 300w, https:\/\/hoteldelcarmen.directorio-comercial.com\/wp-content\/uploads\/2025\/11\/HabitacionDoble-150x150.png 150w, https:\/\/hoteldelcarmen.directorio-comercial.com\/wp-content\/uploads\/2025\/11\/HabitacionDoble-768x768.png 768w\" sizes=\"auto, (max-width: 1024px) 100vw, 1024px\" \/><\/figure><\/div>\n<\/div>\n<\/div>\n","protected":false},"excerpt":{"rendered":"<p>Habitaci\u00f3n Sencilla El equilibrio ideal entre privacidad y descanso. Una habitaci\u00f3n acogedora con una cama individual, dise\u00f1ada para viajeros que buscan comodidad y tranquilidad. Habitaci\u00f3n Doble Espacio y confort para compartir. Perfecta para familias o amigos, ofrece dos camas c\u00f3modas, excelente iluminaci\u00f3n y todo lo necesario para una estancia relajante.<\/p>\n","protected":false},"author":1,"featured_media":0,"parent":0,"menu_order":0,"comment_status":"closed","ping_status":"closed","template":"","meta":{"footnotes":""},"class_list":["post-36","page","type-page","status-publish","hentry"],"_links":{"self":[{"href":"https:\/\/hoteldelcarmen.directorio-comercial.com\/index.php?rest_route=\/wp\/v2\/pages\/36","targetHints":{"allow":["GET"]}}],"collection":[{"href":"https:\/\/hoteldelcarmen.directorio-comercial.com\/index.php?rest_route=\/wp\/v2\/pages"}],"about":[{"href":"https:\/\/hoteldelcarmen.directorio-comercial.com\/index.php?rest_route=\/wp\/v2\/types\/page"}],"author":[{"embeddable":true,"href":"https:\/\/hoteldelcarmen.directorio-comercial.com\/index.php?rest_route=\/wp\/v2\/users\/1"}],"replies":[{"embeddable":true,"href":"https:\/\/hoteldelcarmen.directorio-comercial.com\/index.php?rest_route=%2Fwp%2Fv2%2Fcomments&post=36"}],"version-history":[{"count":5,"href":"https:\/\/hoteldelcarmen.directorio-comercial.com\/index.php?rest_route=\/wp\/v2\/pages\/36\/revisions"}],"predecessor-version":[{"id":94,"href":"https:\/\/hoteldelcarmen.directorio-comercial.com\/index.php?rest_route=\/wp\/v2\/pages\/36\/revisions\/94"}],"wp:attachment":[{"href":"https:\/\/hoteldelcarmen.directorio-comercial.com\/index.php?rest_route=%2Fwp%2Fv2%2Fmedia&parent=36"}],"curies":[{"name":"wp","href":"https:\/\/api.w.org\/{rel}","templated":true}]}}