{"id":134,"date":"2025-11-26T01:05:16","date_gmt":"2025-11-26T07:05:16","guid":{"rendered":"https:\/\/hoteldelcarmen.directorio-comercial.com\/?page_id=134"},"modified":"2025-11-26T01:05:16","modified_gmt":"2025-11-26T07:05:16","slug":"jardin-2","status":"publish","type":"page","link":"https:\/\/hoteldelcarmen.directorio-comercial.com\/?page_id=134","title":{"rendered":"Jardin"},"content":{"rendered":"\n<div class=\"wp-block-group has-background is-layout-constrained wp-block-group-is-layout-constrained\" style=\"background-color:#faf7f9\">\n<div class=\"wp-block-group is-layout-constrained wp-block-group-is-layout-constrained\">\n<h2 class=\"wp-block-heading has-text-align-center has-background\" style=\"background-color:#c9b7cf;padding-top:var(--wp--preset--spacing--20);padding-right:0;padding-bottom:var(--wp--preset--spacing--20);padding-left:0\">Jard\u00edn<\/h2>\n\n\n\n<p>Nuestro jard\u00edn es un espacio amplio, luminoso y rodeado de detalles encantadores. Aqu\u00ed podr\u00e1s disfrutar de un ambiente tranquilo, perfecto para relajarte, tomar fotograf\u00edas o simplemente respirar aire fresco. Su dise\u00f1o armonioso y su \u00e1rea verde bien cuidada lo convierten en un lugar ideal para convivir y disfrutar momentos especiales.<\/p>\n\n\n\n<figure class=\"wp-block-gallery has-nested-images columns-default is-cropped wp-block-gallery-1 is-layout-flex wp-block-gallery-is-layout-flex frontblocks-gallery-grid\" data-layout=\"grid\" data-columns=\"3\" data-gutter=\"20\" data-lightbox=\"false\">\n<figure class=\"wp-block-image size-large\"><img loading=\"lazy\" decoding=\"async\" width=\"683\" height=\"1024\" data-id=\"19\" src=\"https:\/\/hoteldelcarmen.directorio-comercial.com\/wp-content\/uploads\/2025\/11\/Jardin-683x1024.png\" alt=\"\" class=\"wp-image-19\" srcset=\"https:\/\/hoteldelcarmen.directorio-comercial.com\/wp-content\/uploads\/2025\/11\/Jardin-683x1024.png 683w, https:\/\/hoteldelcarmen.directorio-comercial.com\/wp-content\/uploads\/2025\/11\/Jardin-200x300.png 200w, https:\/\/hoteldelcarmen.directorio-comercial.com\/wp-content\/uploads\/2025\/11\/Jardin-768x1152.png 768w, https:\/\/hoteldelcarmen.directorio-comercial.com\/wp-content\/uploads\/2025\/11\/Jardin.png 1024w\" sizes=\"auto, (max-width: 683px) 100vw, 683px\" \/><\/figure>\n<\/figure>\n<\/div>\n<\/div>\n","protected":false},"excerpt":{"rendered":"<p>Jard\u00edn Nuestro jard\u00edn es un espacio amplio, luminoso y rodeado de detalles encantadores. Aqu\u00ed podr\u00e1s disfrutar de un ambiente tranquilo, perfecto para relajarte, tomar fotograf\u00edas o simplemente respirar aire fresco. Su dise\u00f1o armonioso y su \u00e1rea verde bien cuidada lo convierten en un lugar ideal para convivir y disfrutar momentos especiales.<\/p>\n","protected":false},"author":1,"featured_media":0,"parent":0,"menu_order":0,"comment_status":"closed","ping_status":"closed","template":"","meta":{"footnotes":""},"class_list":["post-134","page","type-page","status-publish","hentry"],"_links":{"self":[{"href":"https:\/\/hoteldelcarmen.directorio-comercial.com\/index.php?rest_route=\/wp\/v2\/pages\/134","targetHints":{"allow":["GET"]}}],"collection":[{"href":"https:\/\/hoteldelcarmen.directorio-comercial.com\/index.php?rest_route=\/wp\/v2\/pages"}],"about":[{"href":"https:\/\/hoteldelcarmen.directorio-comercial.com\/index.php?rest_route=\/wp\/v2\/types\/page"}],"author":[{"embeddable":true,"href":"https:\/\/hoteldelcarmen.directorio-comercial.com\/index.php?rest_route=\/wp\/v2\/users\/1"}],"replies":[{"embeddable":true,"href":"https:\/\/hoteldelcarmen.directorio-comercial.com\/index.php?rest_route=%2Fwp%2Fv2%2Fcomments&post=134"}],"version-history":[{"count":1,"href":"https:\/\/hoteldelcarmen.directorio-comercial.com\/index.php?rest_route=\/wp\/v2\/pages\/134\/revisions"}],"predecessor-version":[{"id":135,"href":"https:\/\/hoteldelcarmen.directorio-comercial.com\/index.php?rest_route=\/wp\/v2\/pages\/134\/revisions\/135"}],"wp:attachment":[{"href":"https:\/\/hoteldelcarmen.directorio-comercial.com\/index.php?rest_route=%2Fwp%2Fv2%2Fmedia&parent=134"}],"curies":[{"name":"wp","href":"https:\/\/api.w.org\/{rel}","templated":true}]}}